{"id":740,"date":"2025-10-25T10:11:25","date_gmt":"2025-10-25T08:11:25","guid":{"rendered":"https:\/\/educlive.com\/?page_id=740"},"modified":"2025-10-27T23:53:51","modified_gmt":"2025-10-27T22:53:51","slug":"blog-2","status":"publish","type":"page","link":"https:\/\/educlive.com\/?page_id=740","title":{"rendered":"blog"},"content":{"rendered":"\t\t<div data-elementor-type=\"wp-page\" data-elementor-id=\"740\" class=\"elementor elementor-740\">\n\t\t\t\t<div class=\"elementor-element elementor-element-521658c e-flex e-con-boxed e-con e-parent\" data-id=\"521658c\" data-element_type=\"container\">\n\t\t\t\t\t<div class=\"e-con-inner\">\n\t\t<div class=\"elementor-element elementor-element-908615c e-con-full e-flex e-con e-child\" data-id=\"908615c\" data-element_type=\"container\">\n\t\t\t\t<div class=\"elementor-element elementor-element-775a2ab exad-sticky-section-no exad-glass-effect-no elementor-widget elementor-widget-heading\" data-id=\"775a2ab\" data-element_type=\"widget\" data-widget_type=\"heading.default\">\n\t\t\t\t<div class=\"elementor-widget-container\">\n\t\t\t\t\t<h2 class=\"elementor-heading-title elementor-size-default\">Conseils &amp; Astuces Bizuri Hair<\/h2>\t\t\t\t<\/div>\n\t\t\t\t<\/div>\n\t\t\t\t<div class=\"elementor-element elementor-element-2378acc exad-sticky-section-no exad-glass-effect-no elementor-widget elementor-widget-heading\" data-id=\"2378acc\" data-element_type=\"widget\" data-widget_type=\"heading.default\">\n\t\t\t\t<div class=\"elementor-widget-container\">\n\t\t\t\t\t<h2 class=\"elementor-heading-title elementor-size-default\">\u201cD\u00e9couvrez nos conseils, routines et astuces pour sublimer vos cheveux afro, cr\u00e9pus et boucl\u00e9s au naturel.<\/h2>\t\t\t\t<\/div>\n\t\t\t\t<\/div>\n\t\t\t\t<\/div>\n\t\t\t\t\t<\/div>\n\t\t\t\t<\/div>\n\t\t<div class=\"elementor-element elementor-element-9a25fe8 e-flex e-con-boxed e-con e-parent\" data-id=\"9a25fe8\" data-element_type=\"container\">\n\t\t\t\t\t<div class=\"e-con-inner\">\n\t\t<div class=\"elementor-element elementor-element-bffe30c e-con-full e-flex e-con e-child\" data-id=\"bffe30c\" data-element_type=\"container\">\n\t\t\t\t<div class=\"elementor-element elementor-element-55b8c9a exad-sticky-section-no exad-glass-effect-no elementor-widget elementor-widget-posts\" data-id=\"55b8c9a\" data-element_type=\"widget\" data-settings=\"{&quot;full_content_row_gap&quot;:{&quot;unit&quot;:&quot;px&quot;,&quot;size&quot;:35,&quot;sizes&quot;:[]}}\" data-widget_type=\"posts.full_content\">\n\t\t\t\t<div class=\"elementor-widget-container\">\n\t\t\t\t\t\t\t<div class=\"elementor-posts-container elementor-posts elementor-posts--skin-full_content elementor-grid\">\n\t\t\t\t<article class=\"elementor-post elementor-grid-item post-1170 post type-post status-publish format-standard hentry category-non-classe\">\n\t\t\t\t<div class=\"elementor-post__text\">\n\t\t\t\t<h3 class=\"elementor-post__title\">\n\t\t\t<a href=\"https:\/\/educlive.com\/?p=1170\" >\n\t\t\t\tLe secret des longueurs : les ingr\u00e9dients locaux qui stoppent la casse.\t\t\t<\/a>\n\t\t<\/h3>\n\t\t\t\t<div class=\"elementor-post__meta-data\">\n\t\t\t\t\t<span class=\"elementor-post-date\">\n\t\t\t27 octobre 2025\t\t<\/span>\n\t\t\t\t<span class=\"elementor-post-avatar\">\n\t\t\tAucun commentaire\t\t<\/span>\n\t\t\t\t<\/div>\n\t\t<div class=\"elementor-post__content\"><style>.elementor-1170 .elementor-element.elementor-element-25b4276{--display:flex;--flex-direction:row;--container-widget-width:initial;--container-widget-height:100%;--container-widget-flex-grow:1;--container-widget-align-self:stretch;--flex-wrap-mobile:wrap;}.elementor-1170 .elementor-element.elementor-element-5327b36{--display:flex;}.elementor-widget-heading .elementor-heading-title{font-family:var( --e-global-typography-primary-font-family ), Sans-serif;font-weight:var( --e-global-typography-primary-font-weight );color:var( --e-global-color-primary );}.elementor-1170 .elementor-element.elementor-element-7c0dce7 .elementor-heading-title{font-family:\"Poppins\", Sans-serif;font-size:17px;font-weight:600;color:#3E2723;}.elementor-widget-image .widget-image-caption{color:var( --e-global-color-text );font-family:var( --e-global-typography-text-font-family ), Sans-serif;font-weight:var( --e-global-typography-text-font-weight );}.elementor-widget-text-editor{font-family:var( --e-global-typography-text-font-family ), Sans-serif;font-weight:var( --e-global-typography-text-font-weight );color:var( --e-global-color-text );}.elementor-widget-text-editor.elementor-drop-cap-view-stacked .elementor-drop-cap{background-color:var( --e-global-color-primary );}.elementor-widget-text-editor.elementor-drop-cap-view-framed .elementor-drop-cap, .elementor-widget-text-editor.elementor-drop-cap-view-default .elementor-drop-cap{color:var( --e-global-color-primary );border-color:var( --e-global-color-primary );}.elementor-1170 .elementor-element.elementor-element-3aa3551{font-family:\"Poppins\", Sans-serif;font-weight:400;color:#3E2723;}<\/style>\t\t<div data-elementor-type=\"wp-post\" data-elementor-id=\"1170\" class=\"elementor elementor-1170\">\n\t\t\t\t<div class=\"elementor-element elementor-element-25b4276 e-flex e-con-boxed e-con e-parent\" data-id=\"25b4276\" data-element_type=\"container\">\n\t\t\t\t\t<div class=\"e-con-inner\">\n\t\t<div class=\"elementor-element elementor-element-5327b36 e-con-full e-flex e-con e-child\" data-id=\"5327b36\" data-element_type=\"container\">\n\t\t\t\t<div class=\"elementor-element elementor-element-7c0dce7 exad-sticky-section-no exad-glass-effect-no elementor-widget elementor-widget-heading\" data-id=\"7c0dce7\" data-element_type=\"widget\" data-widget_type=\"heading.default\">\n\t\t\t\t<div class=\"elementor-widget-container\">\n\t\t\t\t\t<h2 class=\"elementor-heading-title elementor-size-default\"><span class=\"a_GcMg font-feature-liga-off font-feature-clig-off font-feature-calt-off text-decoration-none text-strikethrough-none\" style=\"--Ys-XuQ: none;font-weight: 400\">Le secret des longueurs : les ingr\u00e9dients locaux qui stoppent la casse.<\/span><\/h2>\t\t\t\t<\/div>\n\t\t\t\t<\/div>\n\t\t\t\t<div class=\"elementor-element elementor-element-9cb73d9 exad-sticky-section-no exad-glass-effect-no elementor-widget elementor-widget-image\" data-id=\"9cb73d9\" data-element_type=\"widget\" data-widget_type=\"image.default\">\n\t\t\t\t<div class=\"elementor-widget-container\">\n\t\t\t\t\t\t\t\t\t\t\t\t\t\t\t<img fetchpriority=\"high\" fetchpriority=\"high\" decoding=\"async\" width=\"1024\" height=\"640\" src=\"https:\/\/educlive.com\/wp-content\/uploads\/2025\/10\/DeWatermark.ai_1761635751227-1024x640.jpeg\" class=\"attachment-large size-large wp-image-1176\" alt=\"\" srcset=\"https:\/\/educlive.com\/wp-content\/uploads\/2025\/10\/DeWatermark.ai_1761635751227-1024x640.jpeg 1024w, https:\/\/educlive.com\/wp-content\/uploads\/2025\/10\/DeWatermark.ai_1761635751227-300x188.jpeg 300w, https:\/\/educlive.com\/wp-content\/uploads\/2025\/10\/DeWatermark.ai_1761635751227-768x480.jpeg 768w, https:\/\/educlive.com\/wp-content\/uploads\/2025\/10\/DeWatermark.ai_1761635751227.jpeg 1280w\" sizes=\"(max-width: 1024px) 100vw, 1024px\" \/>\t\t\t\t\t\t\t\t\t\t\t\t\t\t\t<\/div>\n\t\t\t\t<\/div>\n\t\t\t\t<div class=\"elementor-element elementor-element-3aa3551 exad-sticky-section-no exad-glass-effect-no elementor-widget elementor-widget-text-editor\" data-id=\"3aa3551\" data-element_type=\"widget\" data-widget_type=\"text-editor.default\">\n\t\t\t\t<div class=\"elementor-widget-container\">\n\t\t\t\t\t\t\t\t\t<div id=\"model-response-message-contentr_96aa566bef2f18f9\" class=\"markdown markdown-main-panel stronger enable-updated-hr-color\" dir=\"ltr\">\n<h2><br \/><\/h2>\n<p><\/p>\n<p>La R\u00e9publique D\u00e9mocratique du Congo (RDC), avec sa biodiversit\u00e9 luxuriante, est une mine d&rsquo;or en mati\u00e8re d&rsquo;ingr\u00e9dients naturels pour les soins capillaires. Si le secret de la longueur r\u00e9side dans la r\u00e9tention, les rem\u00e8des locaux traditionnels sont de puissants boucliers contre la casse.<\/p>\n<p>Le premier de ces alli\u00e9s est l&rsquo;<b>Aloe congolensis<\/b>, une vari\u00e9t\u00e9 d&rsquo;aloe vera pr\u00e9sente dans le Bas-Congo. Son gel, riche en vitamines (A, C, E) et en min\u00e9raux, est un hydratant hors pair. Appliqu\u00e9 en masque ou en gel coiffant, il scelle l&rsquo;humidit\u00e9 dans la fibre capillaire, rendant le cheveu souple et \u00e9lastique. Un cheveu bien hydrat\u00e9 est un cheveu qui ne casse pas.<\/p>\n<p>Un autre ingr\u00e9dient cl\u00e9, cultiv\u00e9 et abondant en RDC, est l&rsquo;<b>huile de palme brute<\/b> (ou huile de palme rouge). Traditionnellement m\u00e9lang\u00e9e avec des poudres de plantes ou des cendres (comme la poudre de <i>Trilepisium madagascariensis<\/i>), elle est utilis\u00e9e pour ses propri\u00e9t\u00e9s nourrissantes et pour lisser les cheveux. Extr\u00eamement riche en b\u00e9ta-carot\u00e8nes (pro-vitamine A) et en vitamine E, elle r\u00e9pare les pointes et gaine la fibre, pr\u00e9venant ainsi les fourches et la casse li\u00e9es aux agressions ext\u00e9rieures.<\/p>\n<p>Enfin, bien que moins sp\u00e9cifique \u00e0 la RDC que l&rsquo;Aloe congolensis, des fruits comme l&rsquo;<b>avocat<\/b> et la <b>banane<\/b>, tr\u00e8s consomm\u00e9s localement, sont transform\u00e9s en masques maison. Leurs pulpes gorg\u00e9es de graisses saines, de vitamines B et de potassium, apportent une nutrition profonde, renforcent les cheveux secs et redonnent \u00e9lasticit\u00e9, diminuant significativement leur fragilit\u00e9.<\/p>\n<p>En privil\u00e9giant ces ingr\u00e9dients, accessibles et ancr\u00e9s dans les pratiques locales (comme en t\u00e9moignent certaines recettes ethnobotaniques), les femmes congolaises perp\u00e9tuent une routine simple, naturelle et redoutablement efficace pour des chevelures saines et longues.<\/p>\n<\/div>\t\t\t\t\t\t\t\t<\/div>\n\t\t\t\t<\/div>\n\t\t\t\t<\/div>\n\t\t\t\t\t<\/div>\n\t\t\t\t<\/div>\n\t\t\t\t<\/div>\n\t\t<\/div>\t\t<\/div>\n\t\t\t\t<\/article>\n\t\t\t\t<article class=\"elementor-post elementor-grid-item post-1 post type-post status-publish format-standard hentry category-non-classe\">\n\t\t\t\t<div class=\"elementor-post__text\">\n\t\t\t\t<h3 class=\"elementor-post__title\">\n\t\t\t<a href=\"https:\/\/educlive.com\/?p=1\" >\n\t\t\t\tBonjour tout le monde\u00a0!\t\t\t<\/a>\n\t\t<\/h3>\n\t\t\t\t<div class=\"elementor-post__meta-data\">\n\t\t\t\t\t<span class=\"elementor-post-date\">\n\t\t\t27 juin 2025\t\t<\/span>\n\t\t\t\t<span class=\"elementor-post-avatar\">\n\t\t\tUn commentaire\t\t<\/span>\n\t\t\t\t<\/div>\n\t\t\n<p>Bienvenue sur WordPress. Ceci est votre premier article. Modifiez-le ou supprimez-le, puis commencez \u00e0 \u00e9crire\u00a0!<\/p>\n\t\t<\/div>\n\t\t\t\t<\/article>\n\t\t\t\t<\/div>\n\n\n\t\t\n\t\t\t\t\t\t<\/div>\n\t\t\t\t<\/div>\n\t\t\t\t<\/div>\n\t\t\t\t\t<\/div>\n\t\t\t\t<\/div>\n\t\t\t\t<\/div>\n\t\t","protected":false},"excerpt":{"rendered":"<p>Conseils &amp; Astuces Bizuri Hair \u201cD\u00e9couvrez nos conseils, routines et astuces pour sublimer vos cheveux afro, cr\u00e9pus et boucl\u00e9s au [&hellip;]<\/p>\n","protected":false},"author":1,"featured_media":0,"parent":0,"menu_order":0,"comment_status":"closed","ping_status":"closed","template":"","meta":{"site-sidebar-layout":"no-sidebar","site-content-layout":"","ast-site-content-layout":"full-width-container","site-content-style":"default","site-sidebar-style":"default","ast-global-header-display":"","ast-banner-title-visibility":"","ast-main-header-display":"","ast-hfb-above-header-display":"","ast-hfb-below-header-display":"","ast-hfb-mobile-header-display":"","site-post-title":"disabled","ast-breadcrumbs-content":"","ast-featured-img":"disabled","footer-sml-layout":"","theme-transparent-header-meta":"","adv-header-id-meta":"","stick-header-meta":"","header-above-stick-meta":"","header-main-stick-meta":"","header-below-stick-meta":"","astra-migrate-meta-layouts":"default","ast-page-background-enabled":"default","ast-page-background-meta":{"desktop":{"background-color":"var(--ast-global-color-5)","background-image":"","background-repeat":"repeat","background-position":"center center","background-size":"auto","background-attachment":"scroll","background-type":"","background-media":"","overlay-type":"","overlay-color":"","overlay-opacity":"","overlay-gradient":""},"tablet":{"background-color":"","background-image":"","background-repeat":"repeat","background-position":"center center","background-size":"auto","background-attachment":"scroll","background-type":"","background-media":"","overlay-type":"","overlay-color":"","overlay-opacity":"","overlay-gradient":""},"mobile":{"background-color":"","background-image":"","background-repeat":"repeat","background-position":"center center","background-size":"auto","background-attachment":"scroll","background-type":"","background-media":"","overlay-type":"","overlay-color":"","overlay-opacity":"","overlay-gradient":""}},"ast-content-background-meta":{"desktop":{"background-color":"var(--ast-global-color-4)","background-image":"","background-repeat":"repeat","background-position":"center center","background-size":"auto","background-attachment":"scroll","background-type":"","background-media":"","overlay-type":"","overlay-color":"","overlay-opacity":"","overlay-gradient":""},"tablet":{"background-color":"var(--ast-global-color-4)","background-image":"","background-repeat":"repeat","background-position":"center center","background-size":"auto","background-attachment":"scroll","background-type":"","background-media":"","overlay-type":"","overlay-color":"","overlay-opacity":"","overlay-gradient":""},"mobile":{"background-color":"var(--ast-global-color-4)","background-image":"","background-repeat":"repeat","background-position":"center center","background-size":"auto","background-attachment":"scroll","background-type":"","background-media":"","overlay-type":"","overlay-color":"","overlay-opacity":"","overlay-gradient":""}},"footnotes":""},"class_list":["post-740","page","type-page","status-publish","hentry"],"yoast_head":"<!-- This site is optimized with the Yoast SEO plugin v25.6 - https:\/\/yoast.com\/wordpress\/plugins\/seo\/ -->\n<title>blog -<\/title>\n<meta name=\"robots\" content=\"index, follow, max-snippet:-1, max-image-preview:large, max-video-preview:-1\" \/>\n<link rel=\"canonical\" href=\"https:\/\/educlive.com\/?page_id=740\" \/>\n<meta property=\"og:locale\" content=\"fr_FR\" \/>\n<meta property=\"og:type\" content=\"article\" \/>\n<meta property=\"og:title\" content=\"blog -\" \/>\n<meta property=\"og:description\" content=\"Conseils &amp; Astuces Bizuri Hair \u201cD\u00e9couvrez nos conseils, routines et astuces pour sublimer vos cheveux afro, cr\u00e9pus et boucl\u00e9s au [&hellip;]\" \/>\n<meta property=\"og:url\" content=\"https:\/\/educlive.com\/?page_id=740\" \/>\n<meta property=\"article:publisher\" content=\"https:\/\/web.facebook.com\/OrangeRDCongo\" \/>\n<meta property=\"article:modified_time\" content=\"2025-10-27T22:53:51+00:00\" \/>\n<meta property=\"og:image\" content=\"https:\/\/educlive.com\/wp-content\/uploads\/2025\/06\/kadea-acdemy-logo-1-e1751382270479.png\" \/>\n\t<meta property=\"og:image:width\" content=\"1063\" \/>\n\t<meta property=\"og:image:height\" content=\"350\" \/>\n\t<meta property=\"og:image:type\" content=\"image\/png\" \/>\n<meta name=\"twitter:card\" content=\"summary_large_image\" \/>\n<meta name=\"twitter:site\" content=\"@Orange__RDC\" \/>\n<meta name=\"twitter:label1\" content=\"Dur\u00e9e de lecture estim\u00e9e\" \/>\n\t<meta name=\"twitter:data1\" content=\"4 minutes\" \/>\n<script type=\"application\/ld+json\" class=\"yoast-schema-graph\">{\"@context\":\"https:\/\/schema.org\",\"@graph\":[{\"@type\":\"WebPage\",\"@id\":\"https:\/\/educlive.com\/?page_id=740\",\"url\":\"https:\/\/educlive.com\/?page_id=740\",\"name\":\"blog -\",\"isPartOf\":{\"@id\":\"https:\/\/educlive.com\/#website\"},\"datePublished\":\"2025-10-25T08:11:25+00:00\",\"dateModified\":\"2025-10-27T22:53:51+00:00\",\"breadcrumb\":{\"@id\":\"https:\/\/educlive.com\/?page_id=740#breadcrumb\"},\"inLanguage\":\"fr-FR\",\"potentialAction\":[{\"@type\":\"ReadAction\",\"target\":[\"https:\/\/educlive.com\/?page_id=740\"]}]},{\"@type\":\"BreadcrumbList\",\"@id\":\"https:\/\/educlive.com\/?page_id=740#breadcrumb\",\"itemListElement\":[{\"@type\":\"ListItem\",\"position\":1,\"name\":\"Accueil\",\"item\":\"https:\/\/educlive.com\/\"},{\"@type\":\"ListItem\",\"position\":2,\"name\":\"blog\"}]},{\"@type\":\"WebSite\",\"@id\":\"https:\/\/educlive.com\/#website\",\"url\":\"https:\/\/educlive.com\/\",\"name\":\"educlive.com\",\"description\":\"une formation qui change une  vie\",\"publisher\":{\"@id\":\"https:\/\/educlive.com\/#organization\"},\"potentialAction\":[{\"@type\":\"SearchAction\",\"target\":{\"@type\":\"EntryPoint\",\"urlTemplate\":\"https:\/\/educlive.com\/?s={search_term_string}\"},\"query-input\":{\"@type\":\"PropertyValueSpecification\",\"valueRequired\":true,\"valueName\":\"search_term_string\"}}],\"inLanguage\":\"fr-FR\"},{\"@type\":\"Organization\",\"@id\":\"https:\/\/educlive.com\/#organization\",\"name\":\"Orange\",\"url\":\"https:\/\/educlive.com\/\",\"logo\":{\"@type\":\"ImageObject\",\"inLanguage\":\"fr-FR\",\"@id\":\"https:\/\/educlive.com\/#\/schema\/logo\/image\/\",\"url\":\"https:\/\/educlive.com\/wp-content\/uploads\/2025\/09\/master-logo.svg\",\"contentUrl\":\"https:\/\/educlive.com\/wp-content\/uploads\/2025\/09\/master-logo.svg\",\"width\":283,\"height\":283,\"caption\":\"Orange\"},\"image\":{\"@id\":\"https:\/\/educlive.com\/#\/schema\/logo\/image\/\"},\"sameAs\":[\"https:\/\/web.facebook.com\/OrangeRDCongo\",\"https:\/\/x.com\/Orange__RDC\"]}]}<\/script>\n<!-- \/ Yoast SEO plugin. -->","yoast_head_json":{"title":"blog -","robots":{"index":"index","follow":"follow","max-snippet":"max-snippet:-1","max-image-preview":"max-image-preview:large","max-video-preview":"max-video-preview:-1"},"canonical":"https:\/\/educlive.com\/?page_id=740","og_locale":"fr_FR","og_type":"article","og_title":"blog -","og_description":"Conseils &amp; Astuces Bizuri Hair \u201cD\u00e9couvrez nos conseils, routines et astuces pour sublimer vos cheveux afro, cr\u00e9pus et boucl\u00e9s au [&hellip;]","og_url":"https:\/\/educlive.com\/?page_id=740","article_publisher":"https:\/\/web.facebook.com\/OrangeRDCongo","article_modified_time":"2025-10-27T22:53:51+00:00","og_image":[{"width":1063,"height":350,"url":"https:\/\/educlive.com\/wp-content\/uploads\/2025\/06\/kadea-acdemy-logo-1-e1751382270479.png","type":"image\/png"}],"twitter_card":"summary_large_image","twitter_site":"@Orange__RDC","twitter_misc":{"Dur\u00e9e de lecture estim\u00e9e":"4 minutes"},"schema":{"@context":"https:\/\/schema.org","@graph":[{"@type":"WebPage","@id":"https:\/\/educlive.com\/?page_id=740","url":"https:\/\/educlive.com\/?page_id=740","name":"blog -","isPartOf":{"@id":"https:\/\/educlive.com\/#website"},"datePublished":"2025-10-25T08:11:25+00:00","dateModified":"2025-10-27T22:53:51+00:00","breadcrumb":{"@id":"https:\/\/educlive.com\/?page_id=740#breadcrumb"},"inLanguage":"fr-FR","potentialAction":[{"@type":"ReadAction","target":["https:\/\/educlive.com\/?page_id=740"]}]},{"@type":"BreadcrumbList","@id":"https:\/\/educlive.com\/?page_id=740#breadcrumb","itemListElement":[{"@type":"ListItem","position":1,"name":"Accueil","item":"https:\/\/educlive.com\/"},{"@type":"ListItem","position":2,"name":"blog"}]},{"@type":"WebSite","@id":"https:\/\/educlive.com\/#website","url":"https:\/\/educlive.com\/","name":"educlive.com","description":"une formation qui change une  vie","publisher":{"@id":"https:\/\/educlive.com\/#organization"},"potentialAction":[{"@type":"SearchAction","target":{"@type":"EntryPoint","urlTemplate":"https:\/\/educlive.com\/?s={search_term_string}"},"query-input":{"@type":"PropertyValueSpecification","valueRequired":true,"valueName":"search_term_string"}}],"inLanguage":"fr-FR"},{"@type":"Organization","@id":"https:\/\/educlive.com\/#organization","name":"Orange","url":"https:\/\/educlive.com\/","logo":{"@type":"ImageObject","inLanguage":"fr-FR","@id":"https:\/\/educlive.com\/#\/schema\/logo\/image\/","url":"https:\/\/educlive.com\/wp-content\/uploads\/2025\/09\/master-logo.svg","contentUrl":"https:\/\/educlive.com\/wp-content\/uploads\/2025\/09\/master-logo.svg","width":283,"height":283,"caption":"Orange"},"image":{"@id":"https:\/\/educlive.com\/#\/schema\/logo\/image\/"},"sameAs":["https:\/\/web.facebook.com\/OrangeRDCongo","https:\/\/x.com\/Orange__RDC"]}]}},"_links":{"self":[{"href":"https:\/\/educlive.com\/index.php?rest_route=\/wp\/v2\/pages\/740","targetHints":{"allow":["GET"]}}],"collection":[{"href":"https:\/\/educlive.com\/index.php?rest_route=\/wp\/v2\/pages"}],"about":[{"href":"https:\/\/educlive.com\/index.php?rest_route=\/wp\/v2\/types\/page"}],"author":[{"embeddable":true,"href":"https:\/\/educlive.com\/index.php?rest_route=\/wp\/v2\/users\/1"}],"replies":[{"embeddable":true,"href":"https:\/\/educlive.com\/index.php?rest_route=%2Fwp%2Fv2%2Fcomments&post=740"}],"version-history":[{"count":16,"href":"https:\/\/educlive.com\/index.php?rest_route=\/wp\/v2\/pages\/740\/revisions"}],"predecessor-version":[{"id":1195,"href":"https:\/\/educlive.com\/index.php?rest_route=\/wp\/v2\/pages\/740\/revisions\/1195"}],"wp:attachment":[{"href":"https:\/\/educlive.com\/index.php?rest_route=%2Fwp%2Fv2%2Fmedia&parent=740"}],"curies":[{"name":"wp","href":"https:\/\/api.w.org\/{rel}","templated":true}]}}